{"id":3,"date":"2020-05-06T11:36:44","date_gmt":"2020-05-06T09:36:44","guid":{"rendered":"https:\/\/www.christophecassegrain.com\/livre\/?page_id=3"},"modified":"2024-12-12T22:33:06","modified_gmt":"2024-12-12T21:33:06","slug":"politique-de-confidentialite","status":"publish","type":"page","link":"https:\/\/www.christophecassegrain.com\/livre\/politique-de-confidentialite\/","title":{"rendered":"Politique de confidentialit\u00e9"},"content":{"rendered":"<div class=\"wpb_text_column wpb_content_element \">\r\n<div class=\"wpb_wrapper\">\r\n<p><strong>1. Informations l\u00e9gales :<\/strong><br \/>Propri\u00e9taire : Christophe Cassegrain<br \/>Adresse postale : 17 rue Marc Sangnier<br \/>92290 Chatenay Malabry &#8211; France<\/p>\r\n<p>H\u00e9bergement : Funio<br \/>20 Place du Commerce<br \/>Verdun, (Quebec) H3E 1Z6<br \/>Canada<\/p>\r\n<p><strong>2. Accessibilit\u00e9 :<\/strong><br \/>Le site www.christophecassegrain.com est par principe accessible aux utilisateurs 24\/24h, 7\/7j, sauf interruption, programm\u00e9e ou non, pour les besoins de sa maintenance ou en cas de force majeure. N\u2019\u00e9tant soumis qu\u2019\u00e0 une obligation de moyen, www.christophecassegrain.com ne saurait \u00eatre tenu pour responsable de tout dommage, quelle qu\u2019en soit la nature, r\u00e9sultant d\u2019une indisponibilit\u00e9 du service.<\/p>\r\n<p><strong>3. Liens hypertextes et cookies :<\/strong><br \/>L\u2019utilisateur est inform\u00e9 que lors de ses visites sur le site www.christophecassegrain.com un ou des cookies sont susceptibles de s\u2019installer automatiquement sur son ordinateur par l\u2019interm\u00e9diaire de son logiciel de navigation. Un cookie est un bloc de donn\u00e9es qui ne permet pas d\u2019identifier l\u2019utilisateur, mais qui enregistre des informations relatives \u00e0 la navigation de celui-ci sur le site.<\/p>\r\n<p><strong>4. Protection des biens et des personnes \u2013 gestion des donn\u00e9es personnelles :<\/strong><br \/>Sur le site www.christophecassegrain.com ne collecte des informations personnelles relatives \u00e0 l\u2019utilisateur que pour les besoins de certains services propos\u00e9s par le site www.christophecassegrain.com. L\u2019utilisateur fournit ces informations en toute connaissance de cause, notamment lorsqu\u2019il proc\u00e8de par lui-m\u00eame \u00e0 leur saisie. Il est alors pr\u00e9cis\u00e9 \u00e0 l\u2019utilisateur du site www.christophecassegrain.com l\u2019obligation ou non de fournir ces informations.<\/p>\r\n<p><strong>5. Livraison et d\u00e9lais :<br \/><\/strong>A r\u00e9ception de votre commande le d\u00e9lai de traitement de celle-ci est de 48H (hors week-end).<br \/>Notre livre \u00ab\u00a0Le Mot est Pr\u00e9sage\u00a0\u00bb \/ \u00ab\u00a0Et je te crois&#8230;\u00a0\u00bb est envoy\u00e9 par Colissimo avec signature quelque soit le pays de livraison.<br \/>A la livraison ou \u00e0 la r\u00e9ception du livre \u00ab\u00a0Le Mot est Pr\u00e9sage\u00a0\u00bb \/ \u00ab\u00a0Et je te crois&#8230;\u00a0\u00bb aucun \u00e9change ou retour ne sera possible. Nous vous invitons \u00e0 v\u00e9rifier l&rsquo;\u00e9tat de l&#8217;emballage lors de la r\u00e9ception du colis.<\/p>\r\n<\/div>\r\n<\/div>\r\n","protected":false},"excerpt":{"rendered":"<p>1. Informations l\u00e9gales :Propri\u00e9taire : Christophe CassegrainAdresse postale : 17 rue Marc Sangnier92290 Chatenay Malabry &#8211; France H\u00e9bergement : Funio20 Place du CommerceVerdun, (Quebec) H3E 1Z6Canada 2. Accessibilit\u00e9 :Le site www.christophecassegrain.com est par principe accessible aux utilisateurs 24\/24h, 7\/7j, sauf interruption, programm\u00e9e ou non, pour les besoins de sa maintenance ou en cas de force [&hellip;]<\/p>\n","protected":false},"author":1,"featured_media":0,"parent":0,"menu_order":0,"comment_status":"closed","ping_status":"open","template":"","meta":{"footnotes":""},"class_list":["post-3","page","type-page","status-publish","hentry"],"_links":{"self":[{"href":"https:\/\/www.christophecassegrain.com\/livre\/wp-json\/wp\/v2\/pages\/3","targetHints":{"allow":["GET"]}}],"collection":[{"href":"https:\/\/www.christophecassegrain.com\/livre\/wp-json\/wp\/v2\/pages"}],"about":[{"href":"https:\/\/www.christophecassegrain.com\/livre\/wp-json\/wp\/v2\/types\/page"}],"author":[{"embeddable":true,"href":"https:\/\/www.christophecassegrain.com\/livre\/wp-json\/wp\/v2\/users\/1"}],"replies":[{"embeddable":true,"href":"https:\/\/www.christophecassegrain.com\/livre\/wp-json\/wp\/v2\/comments?post=3"}],"version-history":[{"count":2,"href":"https:\/\/www.christophecassegrain.com\/livre\/wp-json\/wp\/v2\/pages\/3\/revisions"}],"predecessor-version":[{"id":346,"href":"https:\/\/www.christophecassegrain.com\/livre\/wp-json\/wp\/v2\/pages\/3\/revisions\/346"}],"wp:attachment":[{"href":"https:\/\/www.christophecassegrain.com\/livre\/wp-json\/wp\/v2\/media?parent=3"}],"curies":[{"name":"wp","href":"https:\/\/api.w.org\/{rel}","templated":true}]}}