{"id":203,"date":"2023-01-28T11:15:11","date_gmt":"2023-01-28T10:15:11","guid":{"rendered":"https:\/\/www.christophecassegrain.com\/livre\/?post_type=product&#038;p=203"},"modified":"2023-06-19T12:41:49","modified_gmt":"2023-06-19T10:41:49","slug":"et-je-te-crois","status":"publish","type":"product","link":"https:\/\/www.christophecassegrain.com\/livre\/produit\/et-je-te-crois\/","title":{"rendered":"ET JE TE CROIS&#8230;"},"content":{"rendered":"<p>\u00ab\u00a0Et je te crois&#8230;\u00a0\u00bb est une suite logique mais n\u00e9anmoins ind\u00e9pendante des trois autres recueils, r\u00e9unis en 2020 en un seul volume \u00ab\u00a0Le mot est pr\u00e9sage\u00a0\u00bb. Sa composition pr\u00e9sente les m\u00eames caract\u00e9ristiques que les pr\u00e9c\u00e9dents, \u00e0 savoir, une photo accompagn\u00e9e d\u2019une po\u00e9sie.<\/p>\n<p>Les photos proviennent de la phototh\u00e8que de mon fr\u00e8re, Christophe Cassegrain, photographe professionnel, sp\u00e9cialis\u00e9 dans l\u2019argentique grand format et l\u2019Ouest am\u00e9ricain.<br \/>\nLes textes parlent d\u2019une \u00e9motion spontan\u00e9e, \u00e9prouv\u00e9e au contact de la sensibilit\u00e9 d\u2019une image. Cette connexion entre une prise de vue et une prise d\u2019intuition, facilita mon r\u00e9tablissement psychique apr\u00e8s deux interventions neurochirurgicales, une tumeur en 2014 puis sa r\u00e9cidive en 2020. Les quatre volumes d\u00e9crivent et supportent, en effet, une \u00e9volution inattendue des pens\u00e9es tourn\u00e9es vers l\u2019attachement du pass\u00e9, la conscience du pr\u00e9sent et la confiance du futur.<\/p>\n<p>L\u2019entente d\u2019un fr\u00e8re et d\u2019une s\u0153ur, cet accord tacite de leurs sentiments respectifs (une photo singuli\u00e8re traduite par des mots personnels) est partag\u00e9 avec vous dans ce livre, libre des modes ou des influenceurs du moment et peut-\u00eatre, \u00e0 un instant donn\u00e9, l\u2019une de ces images reli\u00e9e \u00e0 sa po\u00e9sie, s\u2019harmonisera aussi avec votre propre personnalit\u00e9.<\/p>\n<p style=\"text-align: right;\">Laurence Tassan-Din, novembre 2022<\/p>\n","protected":false},"excerpt":{"rendered":"<ul>\n<li>Recueil de po\u00e9sies et d&rsquo;images<\/li>\n<li>20 po\u00e8mes<\/li>\n<li>20 photos<\/li>\n<li>Format : Carr\u00e9 21&#215;21 cm, 52 pages<\/li>\n<li>Couverture semi rigide : 365gr\/m2 &#8211; Algro Design Card, Quadrichromie Laminage Mat<\/li>\n<li>Papier texte : 150gr\/m2 &#8211; Indigo Rough Natural<\/li>\n<li>Papier photo : 200gr\/m2 &#8211; Couch\u00e9 Brillant<\/li>\n<\/ul>\n","protected":false},"featured_media":204,"template":"","meta":[],"product_brand":[],"product_cat":[18],"product_tag":[],"class_list":{"0":"post-203","1":"product","2":"type-product","3":"status-publish","4":"has-post-thumbnail","6":"product_cat-recueil","8":"first","9":"instock","10":"sold-individually","11":"taxable","12":"shipping-taxable","13":"purchasable","14":"product-type-simple"},"_links":{"self":[{"href":"https:\/\/www.christophecassegrain.com\/livre\/wp-json\/wp\/v2\/product\/203","targetHints":{"allow":["GET"]}}],"collection":[{"href":"https:\/\/www.christophecassegrain.com\/livre\/wp-json\/wp\/v2\/product"}],"about":[{"href":"https:\/\/www.christophecassegrain.com\/livre\/wp-json\/wp\/v2\/types\/product"}],"wp:featuredmedia":[{"embeddable":true,"href":"https:\/\/www.christophecassegrain.com\/livre\/wp-json\/wp\/v2\/media\/204"}],"wp:attachment":[{"href":"https:\/\/www.christophecassegrain.com\/livre\/wp-json\/wp\/v2\/media?parent=203"}],"wp:term":[{"taxonomy":"product_brand","embeddable":true,"href":"https:\/\/www.christophecassegrain.com\/livre\/wp-json\/wp\/v2\/product_brand?post=203"},{"taxonomy":"product_cat","embeddable":true,"href":"https:\/\/www.christophecassegrain.com\/livre\/wp-json\/wp\/v2\/product_cat?post=203"},{"taxonomy":"product_tag","embeddable":true,"href":"https:\/\/www.christophecassegrain.com\/livre\/wp-json\/wp\/v2\/product_tag?post=203"}],"curies":[{"name":"wp","href":"https:\/\/api.w.org\/{rel}","templated":true}]}}