{"id":21,"date":"2020-05-06T13:44:48","date_gmt":"2020-05-06T11:44:48","guid":{"rendered":"https:\/\/www.christophecassegrain.com\/livre\/?post_type=product&#038;p=21"},"modified":"2021-05-12T11:45:20","modified_gmt":"2021-05-12T09:45:20","slug":"le-mot-est-presage","status":"publish","type":"product","link":"https:\/\/www.christophecassegrain.com\/livre\/produit\/le-mot-est-presage\/","title":{"rendered":"LE MOT EST PR\u00c9SAGE"},"content":{"rendered":"<p>En septembre 2015, mon fr\u00e8re, Christophe Cassegrain, photographe professionnel, me demandait d\u2019\u00e9crire des petits textes pour accompagner quelques unes de ses photos. Son id\u00e9e \u00e9tait de r\u00e9unir dans un album cette complicit\u00e9 fraternelle, pour nos parents.<\/p>\n<p>Christophe est devenu un passionn\u00e9 du grand Ouest am\u00e9ricain d\u00e8s son premier voyage en 1987. Son int\u00e9r\u00eat pour ces grands espaces, leurs libert\u00e9s, leurs lumi\u00e8res, leurs silences ne l\u2019a plus quitt\u00e9 et r\u00e9guli\u00e8rement, il retourne photographier cette beaut\u00e9 sauvage. Son art s\u2019est affin\u00e9 en 1993 avec l\u2019acquisition d\u2019une chambre photographique, m\u00e9thode qui demande de la patience et pers\u00e9v\u00e9rance. \u00c0 pr\u00e9sent, sa phototh\u00e8que comprend plus de 30 000 photos argentiques dont 3000 grands formats. Dans cet ouvrage 90% des images ont \u00e9t\u00e9 prises aux U.S.A. Les autres proviennent de ses voyages en Islande, Argentine, Italie, Cambodge, \u00c9gypte, Kenya et Sri Lanka. Chaque image a \u00e9t\u00e9 choisie par hasard lorsque l\u2019une d\u2019elles m\u2019interpellait en provoquant une \u00e9motion que je tentais imm\u00e9diatement de traduire en mots (le jour d\u2019\u00e9criture est mentionn\u00e9 \u00e0 la fin des textes).<\/p>\n<p>En mars 2014, j\u2019ai \u00e9t\u00e9 op\u00e9r\u00e9e d\u2019une tumeur au cerveau. L\u2019op\u00e9ration n\u2019a laiss\u00e9 aucune s\u00e9quelle physique mais le volume et l\u2019emplacement de la tumeur avait exerc\u00e9 une forte pression et perturb\u00e9 mon \u00e9quilibre psychique. \u00c9crire des po\u00e9sies, en lien avec les photos de mon fr\u00e8re, m\u2019a aid\u00e9e \u00e0 retrouver un souffle de vie en canalisant mes \u00e9motions soudaines et envahissantes. La th\u00e9rapie par l\u2019\u00e9criture n\u2019a \u00e9t\u00e9 visible qu\u2019au bout du troisi\u00e8me recueil lorsque j\u2019ai r\u00e9alis\u00e9 que, sans m\u2019en rendre compte, mon r\u00e9tablissement avait suivi l\u2019\u00e9volution des po\u00e8mes. Compos\u00e9 des trois volumes d\u2019origine, le livre peut donc se d\u00e9couvrir chronologiquement.<\/p>\n<p>Cet album, alliance des compl\u00e9mentaires, ne raconte pas seulement mes exp\u00e9riences de vie mais \u00e9galement celles de Christophe puisque les textes sont directement sortis de l\u2019\u00e9motion transmise par l\u2019image. Et si l\u2019on retient de l\u2019\u00e9motion qu\u2019elle est le langage commun des consciences quelle que soit leur nature ou leur histoire, alors il est possible que l\u2019une de ces photos po\u00e9tiques attire votre attention plus longtemps que les autres pour parler aussi de vous, en faisant appara\u00eetre sur vos l\u00e8vres un intime sourire.<\/p>\n<p style=\"text-align: right;\">Laurence Tassan-Din<\/p>\n","protected":false},"excerpt":{"rendered":"<ul>\n<li>Recueil de po\u00e9sies et d&rsquo;images<\/li>\n<li>105 po\u00e8mes<\/li>\n<li>105 photos<\/li>\n<li>Format : Carr\u00e9 21&#215;21 cm, 220 pages<\/li>\n<li>Couverture semi rigide : 365gr\/m2 &#8211; Algro Design Card, Quadrichromie Laminage Mat<\/li>\n<li>Papier texte : 150gr\/m2 &#8211; Indigo Rough Natural<\/li>\n<li>Papier photo : 200gr\/m2 &#8211; Couch\u00e9 Brillant<\/li>\n<\/ul>\n","protected":false},"featured_media":27,"template":"","meta":[],"product_brand":[],"product_cat":[18],"product_tag":[],"class_list":{"0":"post-21","1":"product","2":"type-product","3":"status-publish","4":"has-post-thumbnail","6":"product_cat-recueil","8":"first","9":"instock","10":"sold-individually","11":"taxable","12":"shipping-taxable","13":"purchasable","14":"product-type-simple"},"_links":{"self":[{"href":"https:\/\/www.christophecassegrain.com\/livre\/wp-json\/wp\/v2\/product\/21","targetHints":{"allow":["GET"]}}],"collection":[{"href":"https:\/\/www.christophecassegrain.com\/livre\/wp-json\/wp\/v2\/product"}],"about":[{"href":"https:\/\/www.christophecassegrain.com\/livre\/wp-json\/wp\/v2\/types\/product"}],"wp:featuredmedia":[{"embeddable":true,"href":"https:\/\/www.christophecassegrain.com\/livre\/wp-json\/wp\/v2\/media\/27"}],"wp:attachment":[{"href":"https:\/\/www.christophecassegrain.com\/livre\/wp-json\/wp\/v2\/media?parent=21"}],"wp:term":[{"taxonomy":"product_brand","embeddable":true,"href":"https:\/\/www.christophecassegrain.com\/livre\/wp-json\/wp\/v2\/product_brand?post=21"},{"taxonomy":"product_cat","embeddable":true,"href":"https:\/\/www.christophecassegrain.com\/livre\/wp-json\/wp\/v2\/product_cat?post=21"},{"taxonomy":"product_tag","embeddable":true,"href":"https:\/\/www.christophecassegrain.com\/livre\/wp-json\/wp\/v2\/product_tag?post=21"}],"curies":[{"name":"wp","href":"https:\/\/api.w.org\/{rel}","templated":true}]}}